{"id":454,"date":"2025-05-28T10:33:08","date_gmt":"2025-05-28T14:33:08","guid":{"rendered":"https:\/\/garderieangelus.ca\/careers\/"},"modified":"2026-03-18T15:07:34","modified_gmt":"2026-03-18T19:07:34","slug":"careers","status":"publish","type":"page","link":"https:\/\/garderieangelus.ca\/en\/careers\/","title":{"rendered":"Careers"},"content":{"rendered":"\t\t<div data-elementor-type=\"wp-page\" data-elementor-id=\"454\" class=\"elementor elementor-454 elementor-146\" data-elementor-post-type=\"page\">\n\t\t\t\t\t\t<section class=\"elementor-section elementor-top-section elementor-element elementor-element-f64f006 elementor-section-boxed elementor-section-height-default elementor-section-height-default\" data-id=\"f64f006\" data-element_type=\"section\" data-e-type=\"section\" data-settings=\"{&quot;background_background&quot;:&quot;classic&quot;,&quot;jet_parallax_layout_list&quot;:[]}\">\n\t\t\t\t\t\t\t<div class=\"elementor-background-overlay\"><\/div>\n\t\t\t\t\t\t\t<div class=\"elementor-container elementor-column-gap-default\">\n\t\t\t\t\t<div class=\"elementor-column elementor-col-100 elementor-top-column elementor-element elementor-element-7467e4a\" data-id=\"7467e4a\" data-element_type=\"column\" data-e-type=\"column\">\n\t\t\t<div class=\"elementor-widget-wrap elementor-element-populated\">\n\t\t\t\t\t\t<div class=\"elementor-element elementor-element-e61d38c elementor-widget__width-auto elementor-absolute elementor-widget-tablet__width-initial effects-website  elementor-widget elementor-widget-image\" data-id=\"e61d38c\" data-element_type=\"widget\" data-e-type=\"widget\" data-settings=\"{&quot;_position&quot;:&quot;absolute&quot;}\" data-widget_type=\"image.default\">\n\t\t\t\t<div class=\"elementor-widget-container\">\n\t\t\t\t\t\t\t\t\t\t\t\t\t\t\t<img decoding=\"async\" width=\"60\" height=\"60\" src=\"https:\/\/garderieangelus.ca\/wp-content\/uploads\/2025\/05\/x30_4_Rocket.svg\" class=\"attachment-full size-full wp-image-338\" alt=\"\" \/>\t\t\t\t\t\t\t\t\t\t\t\t\t\t\t<\/div>\n\t\t\t\t<\/div>\n\t\t\t\t<div class=\"elementor-element elementor-element-26accd6 elementor-widget elementor-widget-heading\" data-id=\"26accd6\" data-element_type=\"widget\" data-e-type=\"widget\" data-widget_type=\"heading.default\">\n\t\t\t\t<div class=\"elementor-widget-container\">\n\t\t\t\t\t<h6 class=\"elementor-heading-title elementor-size-default\">Make a difference every day in the lives of little ones<\/h6>\t\t\t\t<\/div>\n\t\t\t\t<\/div>\n\t\t\t\t<div class=\"elementor-element elementor-element-7d31357 elementor-widget elementor-widget-heading\" data-id=\"7d31357\" data-element_type=\"widget\" data-e-type=\"widget\" data-widget_type=\"heading.default\">\n\t\t\t\t<div class=\"elementor-widget-container\">\n\t\t\t\t\t<h1 class=\"elementor-heading-title elementor-size-default\">Our <span>Jobs<\/span><\/h1>\t\t\t\t<\/div>\n\t\t\t\t<\/div>\n\t\t\t\t<div class=\"elementor-element elementor-element-cc6cfb2 elementor-widget__width-initial elementor-widget elementor-widget-text-editor\" data-id=\"cc6cfb2\" data-element_type=\"widget\" data-e-type=\"widget\" data-widget_type=\"text-editor.default\">\n\t\t\t\t<div class=\"elementor-widget-container\">\n\t\t\t\t\t\t\t\t\t<p>At Angelus Childcare, every member of our team plays an essential role in the development, well-being, and growth of children.<\/p>\t\t\t\t\t\t\t\t<\/div>\n\t\t\t\t<\/div>\n\t\t\t\t<div class=\"elementor-element elementor-element-72f5f58 elementor-widget__width-auto elementor-absolute elementor-widget-tablet__width-initial float-bob-x elementor-widget elementor-widget-image\" data-id=\"72f5f58\" data-element_type=\"widget\" data-e-type=\"widget\" data-settings=\"{&quot;_position&quot;:&quot;absolute&quot;}\" data-widget_type=\"image.default\">\n\t\t\t\t<div class=\"elementor-widget-container\">\n\t\t\t\t\t\t\t\t\t\t\t\t\t\t\t<img decoding=\"async\" width=\"78\" height=\"84\" src=\"https:\/\/garderieangelus.ca\/wp-content\/uploads\/2025\/05\/teddy-bear_7082193.svg\" class=\"attachment-full size-full wp-image-339\" alt=\"\" \/>\t\t\t\t\t\t\t\t\t\t\t\t\t\t\t<\/div>\n\t\t\t\t<\/div>\n\t\t\t\t<div class=\"elementor-element elementor-element-df19dcc elementor-widget__width-auto elementor-absolute float-bob-x elementor-widget-tablet__width-initial elementor-widget elementor-widget-image\" data-id=\"df19dcc\" data-element_type=\"widget\" data-e-type=\"widget\" data-settings=\"{&quot;_position&quot;:&quot;absolute&quot;}\" data-widget_type=\"image.default\">\n\t\t\t\t<div class=\"elementor-widget-container\">\n\t\t\t\t\t\t\t\t\t\t\t\t\t\t\t<img decoding=\"async\" width=\"75\" height=\"75\" src=\"https:\/\/garderieangelus.ca\/wp-content\/uploads\/2025\/05\/crayon_689657.svg\" class=\"attachment-full size-full wp-image-340\" alt=\"\" \/>\t\t\t\t\t\t\t\t\t\t\t\t\t\t\t<\/div>\n\t\t\t\t<\/div>\n\t\t\t\t<div class=\"elementor-element elementor-element-2ce78b0 elementor-widget__width-auto elementor-absolute float-bob-x elementor-widget-tablet__width-initial elementor-widget elementor-widget-image\" data-id=\"2ce78b0\" data-element_type=\"widget\" data-e-type=\"widget\" data-settings=\"{&quot;_position&quot;:&quot;absolute&quot;}\" data-widget_type=\"image.default\">\n\t\t\t\t<div class=\"elementor-widget-container\">\n\t\t\t\t\t\t\t\t\t\t\t\t\t\t\t<img loading=\"lazy\" decoding=\"async\" width=\"69\" height=\"69\" src=\"https:\/\/garderieangelus.ca\/wp-content\/uploads\/2025\/05\/g2999.svg\" class=\"attachment-full size-full wp-image-341\" alt=\"\" \/>\t\t\t\t\t\t\t\t\t\t\t\t\t\t\t<\/div>\n\t\t\t\t<\/div>\n\t\t\t\t\t<\/div>\n\t\t<\/div>\n\t\t\t\t\t<\/div>\n\t\t<\/section>\n\t\t\t\t<section class=\"elementor-section elementor-top-section elementor-element elementor-element-52f0621 elementor-section-boxed elementor-section-height-default elementor-section-height-default\" data-id=\"52f0621\" data-element_type=\"section\" data-e-type=\"section\" data-settings=\"{&quot;jet_parallax_layout_list&quot;:[]}\">\n\t\t\t\t\t\t<div class=\"elementor-container elementor-column-gap-default\">\n\t\t\t\t\t<div class=\"elementor-column elementor-col-100 elementor-top-column elementor-element elementor-element-7fe4de7\" data-id=\"7fe4de7\" data-element_type=\"column\" data-e-type=\"column\">\n\t\t\t<div class=\"elementor-widget-wrap elementor-element-populated\">\n\t\t\t\t\t\t<div class=\"elementor-element elementor-element-29c213f elementor-widget elementor-widget-heading\" data-id=\"29c213f\" data-element_type=\"widget\" data-e-type=\"widget\" data-widget_type=\"heading.default\">\n\t\t\t\t<div class=\"elementor-widget-container\">\n\t\t\t\t\t<h6 class=\"elementor-heading-title elementor-size-default\">Join a passionate team in a people-focused, caring, and inspiring environment<\/h6>\t\t\t\t<\/div>\n\t\t\t\t<\/div>\n\t\t\t\t<div class=\"elementor-element elementor-element-936a5c4 elementor-widget elementor-widget-heading\" data-id=\"936a5c4\" data-element_type=\"widget\" data-e-type=\"widget\" data-widget_type=\"heading.default\">\n\t\t\t\t<div class=\"elementor-widget-container\">\n\t\t\t\t\t<h2 class=\"elementor-heading-title elementor-size-default\">A career that fosters growth<\/h2>\t\t\t\t<\/div>\n\t\t\t\t<\/div>\n\t\t\t\t<div class=\"elementor-element elementor-element-57be9ea elementor-widget elementor-widget-text-editor\" data-id=\"57be9ea\" data-element_type=\"widget\" data-e-type=\"widget\" data-widget_type=\"text-editor.default\">\n\t\t\t\t<div class=\"elementor-widget-container\">\n\t\t\t\t\t\t\t\t\tWorking with us means growing in a warm, stimulating, and deeply human environment. If you are passionate about early childhood, and value collaboration, kindness, and respect, we would love to meet you. Discover our job opportunities and take the first step towards a rewarding and meaningful career.  \t\t\t\t\t\t\t\t<\/div>\n\t\t\t\t<\/div>\n\t\t\t\t<div class=\"elementor-element elementor-element-6926ff7 elementor-widget__width-auto elementor-widget-mobile__width-inherit elementor-widget elementor-widget-button\" data-id=\"6926ff7\" data-element_type=\"widget\" data-e-type=\"widget\" data-widget_type=\"button.default\">\n\t\t\t\t<div class=\"elementor-widget-container\">\n\t\t\t\t\t\t\t\t\t<div class=\"elementor-button-wrapper\">\n\t\t\t\t\t<a class=\"elementor-button elementor-button-link elementor-size-sm\" href=\"https:\/\/polepetiteenfance.com\/\" target=\"_blank\">\n\t\t\t\t\t\t<span class=\"elementor-button-content-wrapper\">\n\t\t\t\t\t\t\t\t\t<span class=\"elementor-button-text\">Explore job opportunities<\/span>\n\t\t\t\t\t<\/span>\n\t\t\t\t\t<\/a>\n\t\t\t\t<\/div>\n\t\t\t\t\t\t\t\t<\/div>\n\t\t\t\t<\/div>\n\t\t\t\t\t<\/div>\n\t\t<\/div>\n\t\t\t\t\t<\/div>\n\t\t<\/section>\n\t\t\t\t<section class=\"elementor-section elementor-top-section elementor-element elementor-element-16d9415 elementor-section-boxed elementor-section-height-default elementor-section-height-default\" data-id=\"16d9415\" data-element_type=\"section\" data-e-type=\"section\" data-settings=\"{&quot;background_background&quot;:&quot;classic&quot;,&quot;jet_parallax_layout_list&quot;:[]}\">\n\t\t\t\t\t\t\t<div class=\"elementor-background-overlay\"><\/div>\n\t\t\t\t\t\t\t<div class=\"elementor-container elementor-column-gap-default\">\n\t\t\t\t\t<div class=\"elementor-column elementor-col-100 elementor-top-column elementor-element elementor-element-3b095f7\" data-id=\"3b095f7\" data-element_type=\"column\" data-e-type=\"column\">\n\t\t\t<div class=\"elementor-widget-wrap elementor-element-populated\">\n\t\t\t\t\t\t<div class=\"elementor-element elementor-element-c23f43d elementor-widget elementor-widget-heading\" data-id=\"c23f43d\" data-element_type=\"widget\" data-e-type=\"widget\" data-widget_type=\"heading.default\">\n\t\t\t\t<div class=\"elementor-widget-container\">\n\t\t\t\t\t<h6 class=\"elementor-heading-title elementor-size-default\">Benefits<\/h6>\t\t\t\t<\/div>\n\t\t\t\t<\/div>\n\t\t\t\t<div class=\"elementor-element elementor-element-9920e4c elementor-widget elementor-widget-heading\" data-id=\"9920e4c\" data-element_type=\"widget\" data-e-type=\"widget\" data-widget_type=\"heading.default\">\n\t\t\t\t<div class=\"elementor-widget-container\">\n\t\t\t\t\t<h2 class=\"elementor-heading-title elementor-size-default\">Why work with us?<\/h2>\t\t\t\t<\/div>\n\t\t\t\t<\/div>\n\t\t\t\t<div class=\"elementor-element elementor-element-9951674 elementor-widget__width-initial elementor-widget elementor-widget-text-editor\" data-id=\"9951674\" data-element_type=\"widget\" data-e-type=\"widget\" data-widget_type=\"text-editor.default\">\n\t\t\t\t<div class=\"elementor-widget-container\">\n\t\t\t\t\t\t\t\t\t&#8211; Welcoming colleagues who enjoy team activities. <br>&#8211; Attentive manager who will recognize you for the quality of your work. <br>&#8211; Continuous training, because you also deserve to grow and learn.\t\t\t\t\t\t\t\t<\/div>\n\t\t\t\t<\/div>\n\t\t\t\t\t<\/div>\n\t\t<\/div>\n\t\t\t\t\t<\/div>\n\t\t<\/section>\n\t\t\t\t<section class=\"elementor-section elementor-top-section elementor-element elementor-element-5ee413c elementor-section-boxed elementor-section-height-default elementor-section-height-default\" data-id=\"5ee413c\" data-element_type=\"section\" data-e-type=\"section\" id=\"reviews-section\" data-settings=\"{&quot;jet_parallax_layout_list&quot;:[]}\">\n\t\t\t\t\t\t<div class=\"elementor-container elementor-column-gap-default\">\n\t\t\t\t\t<div class=\"elementor-column elementor-col-100 elementor-top-column elementor-element elementor-element-96dfaa5\" data-id=\"96dfaa5\" data-element_type=\"column\" data-e-type=\"column\">\n\t\t\t<div class=\"elementor-widget-wrap elementor-element-populated\">\n\t\t\t\t\t\t<div class=\"elementor-element elementor-element-197455a elementor-widget elementor-widget-heading\" data-id=\"197455a\" data-element_type=\"widget\" data-e-type=\"widget\" data-widget_type=\"heading.default\">\n\t\t\t\t<div class=\"elementor-widget-container\">\n\t\t\t\t\t<h6 class=\"elementor-heading-title elementor-size-default\">Ce que les familles disent de nous<\/h6>\t\t\t\t<\/div>\n\t\t\t\t<\/div>\n\t\t\t\t<div class=\"elementor-element elementor-element-1db1f72 elementor-widget elementor-widget-heading\" data-id=\"1db1f72\" data-element_type=\"widget\" data-e-type=\"widget\" data-widget_type=\"heading.default\">\n\t\t\t\t<div class=\"elementor-widget-container\">\n\t\t\t\t\t<h2 class=\"elementor-heading-title elementor-size-default\">Des mots sinc\u00e8res qui refl\u00e8tent la confiance <br>que nous b\u00e2tissons au quotidien<\/h2>\t\t\t\t<\/div>\n\t\t\t\t<\/div>\n\t\t\t\t<div class=\"elementor-element elementor-element-507654f elementor-cta--skin-cover elementor-cta--valign-middle elementor-widget__width-initial elementor-widget elementor-widget-call-to-action\" data-id=\"507654f\" data-element_type=\"widget\" data-e-type=\"widget\" data-widget_type=\"call-to-action.default\">\n\t\t\t\t<div class=\"elementor-widget-container\">\n\t\t\t\t\t\t\t<div class=\"elementor-cta\">\n\t\t\t\t\t<div class=\"elementor-cta__bg-wrapper\">\n\t\t\t\t<div class=\"elementor-cta__bg elementor-bg\" style=\"background-image: url(https:\/\/garderieangelus.ca\/wp-content\/uploads\/2025\/06\/rev-one.svg);\" role=\"img\" aria-label=\"rev-one\"><\/div>\n\t\t\t\t<div class=\"elementor-cta__bg-overlay\"><\/div>\n\t\t\t<\/div>\n\t\t\t\t\t\t\t<div class=\"elementor-cta__content\">\n\t\t\t\t\n\t\t\t\t\t\t\t\t\t<span class=\"elementor-cta__title elementor-cta__content-item elementor-content-item\">\n\t\t\t\t\t\tSuper garderie, mon petit Jules veut y aller m\u00eame les fins de semaine haha. Tr\u00e8s bien structur\u00e9. \t\t\t\t\t<\/span>\n\t\t\t\t\n\t\t\t\t\t\t\t\t\t<div class=\"elementor-cta__description elementor-cta__content-item elementor-content-item\">\n\t\t\t\t\t\t\u00c8ve Jul\t\t\t\t\t<\/div>\n\t\t\t\t\n\t\t\t\t\t\t\t<\/div>\n\t\t\t\t\t\t<\/div>\n\t\t\t\t\t\t<\/div>\n\t\t\t\t<\/div>\n\t\t\t\t<div class=\"elementor-element elementor-element-f551f90 elementor-cta--skin-cover elementor-cta--valign-middle elementor-widget__width-initial elementor-widget elementor-widget-call-to-action\" data-id=\"f551f90\" data-element_type=\"widget\" data-e-type=\"widget\" data-widget_type=\"call-to-action.default\">\n\t\t\t\t<div class=\"elementor-widget-container\">\n\t\t\t\t\t\t\t<div class=\"elementor-cta\">\n\t\t\t\t\t<div class=\"elementor-cta__bg-wrapper\">\n\t\t\t\t<div class=\"elementor-cta__bg elementor-bg\" style=\"background-image: url(https:\/\/garderieangelus.ca\/wp-content\/uploads\/2025\/06\/rev-tw.svg);\" role=\"img\" aria-label=\"rev-tw\"><\/div>\n\t\t\t\t<div class=\"elementor-cta__bg-overlay\"><\/div>\n\t\t\t<\/div>\n\t\t\t\t\t\t\t<div class=\"elementor-cta__content\">\n\t\t\t\t\n\t\t\t\t\t\t\t\t\t<span class=\"elementor-cta__title elementor-cta__content-item elementor-content-item\">\n\t\t\t\t\t\tLes \u00e9ducatrices sont magnifique. Mes deux gar\u00e7ons adorent y aller. Nous avons des compte rendue d\u00e9tailler \u00e0 chaque jours.  \t\t\t\t\t<\/span>\n\t\t\t\t\n\t\t\t\t\t\t\t\t\t<div class=\"elementor-cta__description elementor-cta__content-item elementor-content-item\">\n\t\t\t\t\t\tBianca Summerside\t\t\t\t\t<\/div>\n\t\t\t\t\n\t\t\t\t\t\t\t<\/div>\n\t\t\t\t\t\t<\/div>\n\t\t\t\t\t\t<\/div>\n\t\t\t\t<\/div>\n\t\t\t\t<div class=\"elementor-element elementor-element-d1b39ea elementor-cta--skin-cover elementor-cta--valign-middle elementor-widget__width-initial elementor-widget elementor-widget-call-to-action\" data-id=\"d1b39ea\" data-element_type=\"widget\" data-e-type=\"widget\" data-widget_type=\"call-to-action.default\">\n\t\t\t\t<div class=\"elementor-widget-container\">\n\t\t\t\t\t\t\t<div class=\"elementor-cta\">\n\t\t\t\t\t<div class=\"elementor-cta__bg-wrapper\">\n\t\t\t\t<div class=\"elementor-cta__bg elementor-bg\" style=\"background-image: url(https:\/\/garderieangelus.ca\/wp-content\/uploads\/2025\/06\/rev-three.svg);\" role=\"img\" aria-label=\"rev-three\"><\/div>\n\t\t\t\t<div class=\"elementor-cta__bg-overlay\"><\/div>\n\t\t\t<\/div>\n\t\t\t\t\t\t\t<div class=\"elementor-cta__content\">\n\t\t\t\t\n\t\t\t\t\t\t\t\t\t<span class=\"elementor-cta__title elementor-cta__content-item elementor-content-item\">\n\t\t\t\t\t\tMes quatres enfants ont fr\u00e9quent\u00e9 ces milieux de garde. Un bel espace, pour faire grandir nos 0-5 ans accompagn\u00e9 par un personnel d\u00e9vou\u00e9. \u2600\ufe0f je recommande +++++++  \t\t\t\t\t<\/span>\n\t\t\t\t\n\t\t\t\t\t\t\t\t\t<div class=\"elementor-cta__description elementor-cta__content-item elementor-content-item\">\n\t\t\t\t\t\tJessica Ayotte\t\t\t\t\t<\/div>\n\t\t\t\t\n\t\t\t\t\t\t\t<\/div>\n\t\t\t\t\t\t<\/div>\n\t\t\t\t\t\t<\/div>\n\t\t\t\t<\/div>\n\t\t\t\t\t<\/div>\n\t\t<\/div>\n\t\t\t\t\t<\/div>\n\t\t<\/section>\n\t\t\t\t<\/div>\n\t\t","protected":false},"excerpt":{"rendered":"<p>Make a difference every day in the lives of little ones Our Jobs At Angelus Childcare, every member of our team plays an essential role in the development, well-being, and growth of children. Join a passionate team in a people-focused, caring, and inspiring environment A career that fosters growth Working with us means growing in [&hellip;]<\/p>\n","protected":false},"author":2,"featured_media":0,"parent":0,"menu_order":0,"comment_status":"closed","ping_status":"closed","template":"","meta":{"footnotes":""},"class_list":["post-454","page","type-page","status-publish","hentry"],"yoast_head":"<!-- This site is optimized with the Yoast SEO plugin v27.5 - https:\/\/yoast.com\/product\/yoast-seo-wordpress\/ -->\n<title>Childcare Jobs in Marieville | Angelus<\/title>\n<meta name=\"description\" content=\"Discover job opportunities at Angelus Childcare in Marieville. Join our passionate early childhood team.\" \/>\n<meta name=\"robots\" content=\"index, follow, max-snippet:-1, max-image-preview:large, max-video-preview:-1\" \/>\n<link rel=\"canonical\" href=\"https:\/\/garderieangelus.ca\/en\/careers\/\" \/>\n<meta property=\"og:locale\" content=\"en_US\" \/>\n<meta property=\"og:type\" content=\"article\" \/>\n<meta property=\"og:title\" content=\"Childcare Jobs in Marieville | Angelus\" \/>\n<meta property=\"og:description\" content=\"Discover job opportunities at Angelus Childcare in Marieville. Join our passionate early childhood team.\" \/>\n<meta property=\"og:url\" content=\"https:\/\/garderieangelus.ca\/en\/careers\/\" \/>\n<meta property=\"og:site_name\" content=\"Garderie Angelus\" \/>\n<meta property=\"article:modified_time\" content=\"2026-03-18T19:07:34+00:00\" \/>\n<meta name=\"twitter:card\" content=\"summary_large_image\" \/>\n<meta name=\"twitter:label1\" content=\"Est. reading time\" \/>\n\t<meta name=\"twitter:data1\" content=\"1 minute\" \/>\n<script type=\"application\/ld+json\" class=\"yoast-schema-graph\">{\"@context\":\"https:\\\/\\\/schema.org\",\"@graph\":[{\"@type\":\"WebPage\",\"@id\":\"https:\\\/\\\/garderieangelus.ca\\\/en\\\/careers\\\/\",\"url\":\"https:\\\/\\\/garderieangelus.ca\\\/en\\\/careers\\\/\",\"name\":\"Childcare Jobs in Marieville | Angelus\",\"isPartOf\":{\"@id\":\"https:\\\/\\\/garderieangelus.ca\\\/en\\\/#website\"},\"primaryImageOfPage\":{\"@id\":\"https:\\\/\\\/garderieangelus.ca\\\/en\\\/careers\\\/#primaryimage\"},\"image\":{\"@id\":\"https:\\\/\\\/garderieangelus.ca\\\/en\\\/careers\\\/#primaryimage\"},\"thumbnailUrl\":\"https:\\\/\\\/garderieangelus.ca\\\/wp-content\\\/uploads\\\/2025\\\/05\\\/x30_4_Rocket.svg\",\"datePublished\":\"2025-05-28T14:33:08+00:00\",\"dateModified\":\"2026-03-18T19:07:34+00:00\",\"description\":\"Discover job opportunities at Angelus Childcare in Marieville. Join our passionate early childhood team.\",\"breadcrumb\":{\"@id\":\"https:\\\/\\\/garderieangelus.ca\\\/en\\\/careers\\\/#breadcrumb\"},\"inLanguage\":\"en-US\",\"potentialAction\":[{\"@type\":\"ReadAction\",\"target\":[\"https:\\\/\\\/garderieangelus.ca\\\/en\\\/careers\\\/\"]}]},{\"@type\":\"ImageObject\",\"inLanguage\":\"en-US\",\"@id\":\"https:\\\/\\\/garderieangelus.ca\\\/en\\\/careers\\\/#primaryimage\",\"url\":\"https:\\\/\\\/garderieangelus.ca\\\/wp-content\\\/uploads\\\/2025\\\/05\\\/x30_4_Rocket.svg\",\"contentUrl\":\"https:\\\/\\\/garderieangelus.ca\\\/wp-content\\\/uploads\\\/2025\\\/05\\\/x30_4_Rocket.svg\"},{\"@type\":\"BreadcrumbList\",\"@id\":\"https:\\\/\\\/garderieangelus.ca\\\/en\\\/careers\\\/#breadcrumb\",\"itemListElement\":[{\"@type\":\"ListItem\",\"position\":1,\"name\":\"Home\",\"item\":\"https:\\\/\\\/garderieangelus.ca\\\/en\\\/\"},{\"@type\":\"ListItem\",\"position\":2,\"name\":\"Careers\"}]},{\"@type\":\"WebSite\",\"@id\":\"https:\\\/\\\/garderieangelus.ca\\\/en\\\/#website\",\"url\":\"https:\\\/\\\/garderieangelus.ca\\\/en\\\/\",\"name\":\"Garderie Angelus\",\"description\":\"\",\"publisher\":{\"@id\":\"https:\\\/\\\/garderieangelus.ca\\\/en\\\/#organization\"},\"potentialAction\":[{\"@type\":\"SearchAction\",\"target\":{\"@type\":\"EntryPoint\",\"urlTemplate\":\"https:\\\/\\\/garderieangelus.ca\\\/en\\\/?s={search_term_string}\"},\"query-input\":{\"@type\":\"PropertyValueSpecification\",\"valueRequired\":true,\"valueName\":\"search_term_string\"}}],\"inLanguage\":\"en-US\"},{\"@type\":\"Organization\",\"@id\":\"https:\\\/\\\/garderieangelus.ca\\\/en\\\/#organization\",\"name\":\"Garderie Angelus\",\"url\":\"https:\\\/\\\/garderieangelus.ca\\\/en\\\/\",\"logo\":{\"@type\":\"ImageObject\",\"inLanguage\":\"en-US\",\"@id\":\"https:\\\/\\\/garderieangelus.ca\\\/en\\\/#\\\/schema\\\/logo\\\/image\\\/\",\"url\":\"https:\\\/\\\/garderieangelus.ca\\\/wp-content\\\/uploads\\\/2025\\\/05\\\/Logo-Promo.png\",\"contentUrl\":\"https:\\\/\\\/garderieangelus.ca\\\/wp-content\\\/uploads\\\/2025\\\/05\\\/Logo-Promo.png\",\"width\":336,\"height\":246,\"caption\":\"Garderie Angelus\"},\"image\":{\"@id\":\"https:\\\/\\\/garderieangelus.ca\\\/en\\\/#\\\/schema\\\/logo\\\/image\\\/\"}}]}<\/script>\n<!-- \/ Yoast SEO plugin. -->","yoast_head_json":{"title":"Childcare Jobs in Marieville | Angelus","description":"Discover job opportunities at Angelus Childcare in Marieville. Join our passionate early childhood team.","robots":{"index":"index","follow":"follow","max-snippet":"max-snippet:-1","max-image-preview":"max-image-preview:large","max-video-preview":"max-video-preview:-1"},"canonical":"https:\/\/garderieangelus.ca\/en\/careers\/","og_locale":"en_US","og_type":"article","og_title":"Childcare Jobs in Marieville | Angelus","og_description":"Discover job opportunities at Angelus Childcare in Marieville. Join our passionate early childhood team.","og_url":"https:\/\/garderieangelus.ca\/en\/careers\/","og_site_name":"Garderie Angelus","article_modified_time":"2026-03-18T19:07:34+00:00","twitter_card":"summary_large_image","twitter_misc":{"Est. reading time":"1 minute"},"schema":{"@context":"https:\/\/schema.org","@graph":[{"@type":"WebPage","@id":"https:\/\/garderieangelus.ca\/en\/careers\/","url":"https:\/\/garderieangelus.ca\/en\/careers\/","name":"Childcare Jobs in Marieville | Angelus","isPartOf":{"@id":"https:\/\/garderieangelus.ca\/en\/#website"},"primaryImageOfPage":{"@id":"https:\/\/garderieangelus.ca\/en\/careers\/#primaryimage"},"image":{"@id":"https:\/\/garderieangelus.ca\/en\/careers\/#primaryimage"},"thumbnailUrl":"https:\/\/garderieangelus.ca\/wp-content\/uploads\/2025\/05\/x30_4_Rocket.svg","datePublished":"2025-05-28T14:33:08+00:00","dateModified":"2026-03-18T19:07:34+00:00","description":"Discover job opportunities at Angelus Childcare in Marieville. Join our passionate early childhood team.","breadcrumb":{"@id":"https:\/\/garderieangelus.ca\/en\/careers\/#breadcrumb"},"inLanguage":"en-US","potentialAction":[{"@type":"ReadAction","target":["https:\/\/garderieangelus.ca\/en\/careers\/"]}]},{"@type":"ImageObject","inLanguage":"en-US","@id":"https:\/\/garderieangelus.ca\/en\/careers\/#primaryimage","url":"https:\/\/garderieangelus.ca\/wp-content\/uploads\/2025\/05\/x30_4_Rocket.svg","contentUrl":"https:\/\/garderieangelus.ca\/wp-content\/uploads\/2025\/05\/x30_4_Rocket.svg"},{"@type":"BreadcrumbList","@id":"https:\/\/garderieangelus.ca\/en\/careers\/#breadcrumb","itemListElement":[{"@type":"ListItem","position":1,"name":"Home","item":"https:\/\/garderieangelus.ca\/en\/"},{"@type":"ListItem","position":2,"name":"Careers"}]},{"@type":"WebSite","@id":"https:\/\/garderieangelus.ca\/en\/#website","url":"https:\/\/garderieangelus.ca\/en\/","name":"Garderie Angelus","description":"","publisher":{"@id":"https:\/\/garderieangelus.ca\/en\/#organization"},"potentialAction":[{"@type":"SearchAction","target":{"@type":"EntryPoint","urlTemplate":"https:\/\/garderieangelus.ca\/en\/?s={search_term_string}"},"query-input":{"@type":"PropertyValueSpecification","valueRequired":true,"valueName":"search_term_string"}}],"inLanguage":"en-US"},{"@type":"Organization","@id":"https:\/\/garderieangelus.ca\/en\/#organization","name":"Garderie Angelus","url":"https:\/\/garderieangelus.ca\/en\/","logo":{"@type":"ImageObject","inLanguage":"en-US","@id":"https:\/\/garderieangelus.ca\/en\/#\/schema\/logo\/image\/","url":"https:\/\/garderieangelus.ca\/wp-content\/uploads\/2025\/05\/Logo-Promo.png","contentUrl":"https:\/\/garderieangelus.ca\/wp-content\/uploads\/2025\/05\/Logo-Promo.png","width":336,"height":246,"caption":"Garderie Angelus"},"image":{"@id":"https:\/\/garderieangelus.ca\/en\/#\/schema\/logo\/image\/"}}]}},"_links":{"self":[{"href":"https:\/\/garderieangelus.ca\/en\/wp-json\/wp\/v2\/pages\/454","targetHints":{"allow":["GET"]}}],"collection":[{"href":"https:\/\/garderieangelus.ca\/en\/wp-json\/wp\/v2\/pages"}],"about":[{"href":"https:\/\/garderieangelus.ca\/en\/wp-json\/wp\/v2\/types\/page"}],"author":[{"embeddable":true,"href":"https:\/\/garderieangelus.ca\/en\/wp-json\/wp\/v2\/users\/2"}],"replies":[{"embeddable":true,"href":"https:\/\/garderieangelus.ca\/en\/wp-json\/wp\/v2\/comments?post=454"}],"version-history":[{"count":1,"href":"https:\/\/garderieangelus.ca\/en\/wp-json\/wp\/v2\/pages\/454\/revisions"}],"predecessor-version":[{"id":499,"href":"https:\/\/garderieangelus.ca\/en\/wp-json\/wp\/v2\/pages\/454\/revisions\/499"}],"wp:attachment":[{"href":"https:\/\/garderieangelus.ca\/en\/wp-json\/wp\/v2\/media?parent=454"}],"curies":[{"name":"wp","href":"https:\/\/api.w.org\/{rel}","templated":true}]}}